{"id":426,"date":"2023-03-13T20:42:45","date_gmt":"2023-03-13T19:42:45","guid":{"rendered":"https:\/\/kulturgamlitz.at\/?page_id=426"},"modified":"2024-02-12T05:04:16","modified_gmt":"2024-02-12T13:04:16","slug":"scaena","status":"publish","type":"page","link":"https:\/\/kulturgamlitz.at\/index.php\/scaena\/","title":{"rendered":"Artist in Residence"},"content":{"rendered":"<p>[et_pb_section fb_built=&#8220;1&#8243; custom_padding_last_edited=&#8220;off|desktop&#8220; admin_label=&#8220;Header&#8220; _builder_version=&#8220;4.21.0&#8243; background_enable_color=&#8220;off&#8220; use_background_color_gradient=&#8220;on&#8220; background_color_gradient_stops=&#8220;rgba(0,0,0,0.3) 0%|rgba(0,0,0,0.3) 100%&#8220; background_color_gradient_overlays_image=&#8220;on&#8220; background_color_gradient_start=&#8220;rgba(0,0,0,0.3)&#8220; background_color_gradient_end=&#8220;rgba(0,0,0,0.3)&#8220; background_image=&#8220;https:\/\/kulturgamlitz.at\/wp-content\/uploads\/2023\/07\/TVGamlitz_HarrySchiffer256-scaled.jpg&#8220; min_height=&#8220;530px&#8220; min_height_tablet=&#8220;530px&#8220; min_height_phone=&#8220;530px&#8220; min_height_last_edited=&#8220;on|phone&#8220; custom_margin=&#8220;50px|50px||50px|false|true&#8220; custom_margin_tablet=&#8220;20px|20px||20px|false|true&#8220; custom_margin_phone=&#8220;&#8220; custom_margin_last_edited=&#8220;on|tablet&#8220; custom_padding_tablet=&#8220;50px||50px||true|false&#8220; locked=&#8220;off&#8220; global_colors_info=&#8220;{}&#8220;][et_pb_row _builder_version=&#8220;4.21.0&#8243; global_colors_info=&#8220;{}&#8220;][et_pb_column type=&#8220;4_4&#8243; _builder_version=&#8220;4.16&#8243; global_colors_info=&#8220;{}&#8220;][et_pb_text _builder_version=&#8220;4.21.0&#8243; text_font=&#8220;AvianoSans||||||||&#8220; header_font=&#8220;AvianoSans||||||||&#8220; header_font_size=&#8220;60px&#8220; background_layout=&#8220;dark&#8220; max_width=&#8220;800px&#8220; header_font_size_tablet=&#8220;50px&#8220; header_font_size_phone=&#8220;35px&#8220; header_font_size_last_edited=&#8220;on|phone&#8220; locked=&#8220;off&#8220; global_colors_info=&#8220;{}&#8220;]<\/p>\n<h1>Artist in Residence<\/h1>\n<p>[\/et_pb_text][\/et_pb_column][\/et_pb_row][\/et_pb_section][et_pb_section fb_built=&#8220;1&#8243; _builder_version=&#8220;4.21.0&#8243; _module_preset=&#8220;default&#8220; custom_margin=&#8220;0px|0px|0px|0px|false|false&#8220; custom_padding=&#8220;5px|0px|0px|50px|false|false&#8220; global_colors_info=&#8220;{}&#8220;][et_pb_row _builder_version=&#8220;4.21.0&#8243; _module_preset=&#8220;default&#8220; width=&#8220;100%&#8220; max_width=&#8220;100%&#8220; custom_margin=&#8220;0px|0px|0px|0px|false|false&#8220; custom_padding=&#8220;0px|0px|0px|0px|false|false&#8220; global_colors_info=&#8220;{}&#8220;][et_pb_column type=&#8220;4_4&#8243; _builder_version=&#8220;4.21.0&#8243; _module_preset=&#8220;default&#8220; custom_padding=&#8220;0px|0px|0px|0px|false|false&#8220; global_colors_info=&#8220;{}&#8220;][et_pb_text _builder_version=&#8220;4.21.0&#8243; _module_preset=&#8220;default&#8220; text_text_color=&#8220;#000000&#8243; module_alignment=&#8220;left&#8220; custom_margin=&#8220;0px|0px|0px|0px|false|false&#8220; custom_padding=&#8220;0px|0px|0px|0px|false|false&#8220; global_colors_info=&#8220;{}&#8220;]<\/p>\n<p>Foto: Harry Schiffer<\/p>\n<p>[\/et_pb_text][\/et_pb_column][\/et_pb_row][\/et_pb_section][et_pb_section fb_built=&#8220;1&#8243; _builder_version=&#8220;4.21.0&#8243; _module_preset=&#8220;default&#8220; global_colors_info=&#8220;{}&#8220;][et_pb_row _builder_version=&#8220;4.21.0&#8243; _module_preset=&#8220;default&#8220; global_colors_info=&#8220;{}&#8220;][et_pb_column type=&#8220;4_4&#8243; _builder_version=&#8220;4.21.0&#8243; _module_preset=&#8220;default&#8220; global_colors_info=&#8220;{}&#8220;][et_pb_text _builder_version=&#8220;4.21.0&#8243; text_font=&#8220;AvianoSans||||||||&#8220; header_font=&#8220;AvianoSans||||||||&#8220; header_font_size=&#8220;60px&#8220; header_2_text_color=&#8220;#000000&#8243; background_layout=&#8220;dark&#8220; max_width=&#8220;800px&#8220; header_font_size_tablet=&#8220;50px&#8220; header_font_size_phone=&#8220;35px&#8220; header_font_size_last_edited=&#8220;on|phone&#8220; locked=&#8220;off&#8220; global_colors_info=&#8220;{}&#8220;]<\/p>\n<h2>Mission<\/h2>\n<p>[\/et_pb_text][et_pb_text _builder_version=&#8220;4.21.0&#8243; text_font=&#8220;||||||||&#8220; text_text_color=&#8220;#000000&#8243; header_font=&#8220;AvianoSans||||||||&#8220; header_font_size=&#8220;60px&#8220; header_2_text_color=&#8220;#000000&#8243; background_layout=&#8220;dark&#8220; max_width=&#8220;800px&#8220; header_font_size_tablet=&#8220;50px&#8220; header_font_size_phone=&#8220;35px&#8220; header_font_size_last_edited=&#8220;on|phone&#8220; locked=&#8220;off&#8220; global_colors_info=&#8220;{}&#8220;]<\/p>\n<p>Die Marktgemeinde Gamlitz ist eine der gr\u00f6\u00dften Weinbaugemeinden \u00d6sterreichs, wichtige<br \/>Tourismusdestination im S\u00fcdsteirischen Weinland (auch \u201esteirische Toskana\u201c genannt) und geschichtstr\u00e4chtiges Grenzgebiet zum Nachbarland Slowenien. Im Rahmen des Programmes \u201eSCAENA \u2013 B\u00fchne der S\u00fcdsteiermark\u201c ist die Vernetzung regionaler K\u00fcnstler:innen und Schaffung eines vielf\u00e4ltigen Kulturprogrammes von zentraler Bedeutung.<br \/>Neben der regionalen Vernetzung soll auch der \u201eBlick von au\u00dfen\u201c mittels dem SCAENA Artist<br \/>in Residenz Programm gesch\u00e4rft werden. Dazu werden Kunst- und Kulturschaffende eingeladen, die landschaftlichen, kulturellen und gesellschaftlichen Besonderheiten der Region auf neue Art zu entdecken, interdisziplin\u00e4r zu betrachten und k\u00fcnstlerisch zu interpretieren.<\/p>\n<p>[\/et_pb_text][\/et_pb_column][\/et_pb_row][\/et_pb_section][et_pb_section fb_built=&#8220;1&#8243; _builder_version=&#8220;4.21.0&#8243; _module_preset=&#8220;default&#8220; global_colors_info=&#8220;{}&#8220;][et_pb_row _builder_version=&#8220;4.21.0&#8243; _module_preset=&#8220;default&#8220; global_colors_info=&#8220;{}&#8220;][et_pb_column type=&#8220;4_4&#8243; _builder_version=&#8220;4.21.0&#8243; _module_preset=&#8220;default&#8220; global_colors_info=&#8220;{}&#8220;][et_pb_text _builder_version=&#8220;4.21.0&#8243; text_font=&#8220;AvianoSans||||||||&#8220; header_font=&#8220;AvianoSans||||||||&#8220; header_font_size=&#8220;60px&#8220; header_2_text_color=&#8220;#000000&#8243; background_layout=&#8220;dark&#8220; max_width=&#8220;800px&#8220; header_font_size_tablet=&#8220;50px&#8220; header_font_size_phone=&#8220;35px&#8220; header_font_size_last_edited=&#8220;on|phone&#8220; locked=&#8220;off&#8220; global_colors_info=&#8220;{}&#8220;]<\/p>\n<h2>Air-Programm:<\/h2>\n<p>[\/et_pb_text][et_pb_text _builder_version=&#8220;4.21.0&#8243; text_font=&#8220;||||||||&#8220; text_text_color=&#8220;#000000&#8243; header_font=&#8220;AvianoSans||||||||&#8220; header_font_size=&#8220;60px&#8220; header_2_text_color=&#8220;#000000&#8243; background_layout=&#8220;dark&#8220; max_width=&#8220;800px&#8220; header_font_size_tablet=&#8220;50px&#8220; header_font_size_phone=&#8220;35px&#8220; header_font_size_last_edited=&#8220;on|phone&#8220; locked=&#8220;off&#8220; global_colors_info=&#8220;{}&#8220;]<\/p>\n<p>F\u00fcr K\u00fcnstler:innen unterschiedlicher Sparten werden im Rahmen des LEADER-Projektes <br \/>SCAENA in der S\u00fcdsteiermark zwei Artist-in-Residence-Pl\u00e4tze im Zeitraum Juni bis November <br \/>2023 vergeben. Teilnahmeberechtigt sind Kunst- und Kulturschaffende mit deutscher Sprachkenntnis, die die Auseinandersetzung mit dem Ort und der Region in ihrer kulturellen Vielfalt suchen. Ihnen wird ein Wohnraum im Zentrum von Gamlitz zur Verf\u00fcgung gestellt, der auch als Arbeitsraum genutzt werden kann. Deutsche Sprachkenntnis erforderlich. Abschlie\u00dfend ist die Pr\u00e4sentation des Werkes auf der neuen SCAENA \u2013 Freiluftb\u00fchne vorgesehen.<\/p>\n<p>[\/et_pb_text][\/et_pb_column][\/et_pb_row][\/et_pb_section][et_pb_section fb_built=&#8220;1&#8243; _builder_version=&#8220;4.21.0&#8243; _module_preset=&#8220;default&#8220; global_colors_info=&#8220;{}&#8220;][et_pb_row _builder_version=&#8220;4.21.0&#8243; _module_preset=&#8220;default&#8220; global_colors_info=&#8220;{}&#8220;][et_pb_column type=&#8220;4_4&#8243; _builder_version=&#8220;4.21.0&#8243; _module_preset=&#8220;default&#8220; global_colors_info=&#8220;{}&#8220;][et_pb_text _builder_version=&#8220;4.21.0&#8243; text_font=&#8220;AvianoSans||||||||&#8220; header_font=&#8220;AvianoSans||||||||&#8220; header_font_size=&#8220;60px&#8220; header_2_text_color=&#8220;#000000&#8243; background_layout=&#8220;dark&#8220; max_width=&#8220;800px&#8220; header_font_size_tablet=&#8220;50px&#8220; header_font_size_phone=&#8220;35px&#8220; header_font_size_last_edited=&#8220;on|phone&#8220; locked=&#8220;off&#8220; global_colors_info=&#8220;{}&#8220;]<\/p>\n<h2>Teilnahme:<\/h2>\n<p>[\/et_pb_text][et_pb_text _builder_version=&#8220;4.21.0&#8243; text_font=&#8220;||||||||&#8220; text_text_color=&#8220;#000000&#8243; header_font=&#8220;AvianoSans||||||||&#8220; header_font_size=&#8220;60px&#8220; header_2_text_color=&#8220;#000000&#8243; background_layout=&#8220;dark&#8220; max_width=&#8220;800px&#8220; header_font_size_tablet=&#8220;50px&#8220; header_font_size_phone=&#8220;35px&#8220; header_font_size_last_edited=&#8220;on|phone&#8220; locked=&#8220;off&#8220; global_colors_info=&#8220;{}&#8220;]<\/p>\n<p>Die Bewerbung ist ausschlie\u00dflich schriftlich m\u00f6glich und soll folgende Unterlagen enthalten:<\/p>\n<ol>\n<li>Lebenslauf &amp; Referenzen (PDF-Format, max. 1 MB)<\/li>\n<li>Bewerbungsfoto (JPG-Format, max. 1 MB)<\/li>\n<li>\u00a0Links zu Presseberichten &amp; digitalen Medien<\/li>\n<li>Projektidee (max. 3.500 Zeichen)<\/li>\n<\/ol>\n<p>Ihre Bewerbung richten Sie bitte unter Angabe Ihrer bevorzugten Aufenthaltszeit an <br \/><a href=\"mailto:roland.waltl@gamlitz.gv.at\">roland.waltl@gamlitz.gv.at<\/a><\/p>\n<p>Die Auswahl der K\u00fcnstler*innen und Dauer des Aufenthaltes (ca. 4 bis 12 Wochen) h\u00e4ngen <br \/>vom Umfang des k\u00fcnstlerischen Vorhabens und von der Entscheidung der Projekt-Jury ab.<\/p>\n<p>[\/et_pb_text][\/et_pb_column][\/et_pb_row][\/et_pb_section]<\/p>\n","protected":false},"excerpt":{"rendered":"<p>Artist in ResidenceFoto: Harry SchifferMissionDie Marktgemeinde Gamlitz ist eine der gr\u00f6\u00dften Weinbaugemeinden \u00d6sterreichs, wichtigeTourismusdestination im S\u00fcdsteirischen Weinland (auch \u201esteirische Toskana\u201c genannt) und geschichtstr\u00e4chtiges Grenzgebiet zum Nachbarland Slowenien. Im Rahmen des [&hellip;]<\/p>\n","protected":false},"author":1,"featured_media":0,"parent":0,"menu_order":0,"comment_status":"closed","ping_status":"closed","template":"","meta":{"_et_pb_use_builder":"on","_et_pb_old_content":"","_et_gb_content_width":"","footnotes":""},"class_list":["post-426","page","type-page","status-publish","hentry"],"_links":{"self":[{"href":"https:\/\/kulturgamlitz.at\/index.php\/wp-json\/wp\/v2\/pages\/426","targetHints":{"allow":["GET"]}}],"collection":[{"href":"https:\/\/kulturgamlitz.at\/index.php\/wp-json\/wp\/v2\/pages"}],"about":[{"href":"https:\/\/kulturgamlitz.at\/index.php\/wp-json\/wp\/v2\/types\/page"}],"author":[{"embeddable":true,"href":"https:\/\/kulturgamlitz.at\/index.php\/wp-json\/wp\/v2\/users\/1"}],"replies":[{"embeddable":true,"href":"https:\/\/kulturgamlitz.at\/index.php\/wp-json\/wp\/v2\/comments?post=426"}],"version-history":[{"count":0,"href":"https:\/\/kulturgamlitz.at\/index.php\/wp-json\/wp\/v2\/pages\/426\/revisions"}],"wp:attachment":[{"href":"https:\/\/kulturgamlitz.at\/index.php\/wp-json\/wp\/v2\/media?parent=426"}],"curies":[{"name":"wp","href":"https:\/\/api.w.org\/{rel}","templated":true}]}}