{"id":104,"date":"2023-03-11T19:17:47","date_gmt":"2023-03-11T18:17:47","guid":{"rendered":"https:\/\/kulturgamlitz.at\/?page_id=104"},"modified":"2023-03-13T20:19:12","modified_gmt":"2023-03-13T19:19:12","slug":"alte-klosterschule","status":"publish","type":"page","link":"https:\/\/kulturgamlitz.at\/index.php\/alte-klosterschule\/","title":{"rendered":"Alte Klosterschule"},"content":{"rendered":"<p>[et_pb_section fb_built=&#8220;1&#8243; fullwidth=&#8220;on&#8220; disabled_on=&#8220;off|off|off&#8220; admin_label=&#8220;Startbild&#8220; _builder_version=&#8220;4.16&#8243; background_color=&#8220;#1f1f1f&#8220; parallax=&#8220;on&#8220; custom_padding=&#8220;|||&#8220; transparent_background=&#8220;on&#8220; global_colors_info=&#8220;{}&#8220;][et_pb_fullwidth_header title=&#8220;Alte Klosterschule&#8220; subhead=&#8220;SCAENA &#8211; Die B\u00fchne der S\u00fcdsteiermark&#8220; text_orientation=&#8220;center&#8220; header_fullscreen=&#8220;on&#8220; header_scroll_down=&#8220;on&#8220; scroll_down_icon=&#8220;%%0%%&#8220; scroll_down_icon_color=&#8220;#ffffff&#8220; scroll_down_icon_size=&#8220;32px&#8220; background_overlay_color=&#8220;rgba(31,31,31,0.8)&#8220; subhead_font_color=&#8220;#bebebe&#8220; _builder_version=&#8220;4.20.2&#8243; title_font=&#8220;AvianoSans||||||||&#8220; title_text_color=&#8220;#ffffff&#8220; title_font_size=&#8220;70px&#8220; title_line_height=&#8220;1.3em&#8220; content_font=&#8220;Arial||||||||&#8220; content_text_align=&#8220;center&#8220; content_text_color=&#8220;#bfbfbf&#8220; content_font_size=&#8220;19px&#8220; content_line_height=&#8220;1.8em&#8220; subhead_font=&#8220;Arial||||||||&#8220; subhead_text_color=&#8220;#bebebe&#8220; subhead_font_size=&#8220;16px&#8220; subhead_letter_spacing=&#8220;3px&#8220; subhead_line_height=&#8220;1.8em&#8220; background_color=&#8220;rgba(255, 255, 255, 0)&#8220; background_image=&#8220;https:\/\/kulturgamlitz.at\/wp-content\/uploads\/2023\/03\/alte_klosterschule_buehne_scaena_kulturgamlitz.jpg&#8220; parallax=&#8220;on&#8220; parallax_method=&#8220;on&#8220; custom_button_one=&#8220;on&#8220; button_one_text_size=&#8220;13px&#8220; button_one_text_color=&#8220;#ffffff&#8220; button_one_border_width=&#8220;2px&#8220; button_one_border_color=&#8220;#ffffff&#8220; button_one_border_radius=&#8220;0px&#8220; button_one_letter_spacing=&#8220;1px&#8220; button_one_font=&#8220;Montserrat|||on|&#8220; button_one_use_icon=&#8220;off&#8220; custom_button_two=&#8220;on&#8220; button_two_text_size=&#8220;15px&#8220; button_two_text_color=&#8220;#ffffff&#8220; button_two_bg_color=&#8220;#c39d63&#8243; button_two_border_width=&#8220;2px&#8220; button_two_border_color=&#8220;#c39d63&#8243; button_two_border_radius=&#8220;0px&#8220; button_two_letter_spacing=&#8220;1px&#8220; button_two_font=&#8220;Montserrat|||on|&#8220; button_two_use_icon=&#8220;off&#8220; animation_style=&#8220;zoom&#8220; animation_duration=&#8220;1500ms&#8220; animation_intensity_zoom=&#8220;4%&#8220; title_text_align_tablet=&#8220;center&#8220; title_text_align_phone=&#8220;center&#8220; title_text_align_last_edited=&#8220;on|phone&#8220; title_font_size_tablet=&#8220;50px&#8220; title_font_size_phone=&#8220;25px&#8220; title_font_size_last_edited=&#8220;on|tablet&#8220; title_line_height_last_edited=&#8220;off|desktop&#8220; content_text_align_tablet=&#8220;center&#8220; content_text_align_phone=&#8220;center&#8220; content_text_align_last_edited=&#8220;on|phone&#8220; button_one_border_radius_hover=&#8220;0px&#8220; button_one_letter_spacing_hover=&#8220;1px&#8220; button_two_letter_spacing_hover=&#8220;1px&#8220; global_colors_info=&#8220;{}&#8220; button_one_text_size__hover_enabled=&#8220;off&#8220; button_two_text_size__hover_enabled=&#8220;off&#8220; button_one_text_color__hover_enabled=&#8220;off&#8220; button_two_text_color__hover_enabled=&#8220;off&#8220; button_one_border_width__hover_enabled=&#8220;off&#8220; button_two_border_width__hover_enabled=&#8220;off&#8220; button_one_border_color__hover_enabled=&#8220;off&#8220; button_two_border_color__hover_enabled=&#8220;off&#8220; button_one_border_radius__hover_enabled=&#8220;on&#8220; button_one_border_radius__hover=&#8220;0px&#8220; button_two_border_radius__hover_enabled=&#8220;off&#8220; button_one_letter_spacing__hover_enabled=&#8220;on&#8220; button_one_letter_spacing__hover=&#8220;1px&#8220; button_two_letter_spacing__hover_enabled=&#8220;on&#8220; button_two_letter_spacing__hover=&#8220;1px&#8220; button_one_bg_color__hover_enabled=&#8220;off&#8220; button_two_bg_color__hover_enabled=&#8220;off&#8220;][\/et_pb_fullwidth_header][\/et_pb_section][et_pb_section fb_built=&#8220;1&#8243; admin_label=&#8220;Beschreibung &#8211; Alte Klosterschule&#8220; _builder_version=&#8220;4.20.2&#8243; _module_preset=&#8220;default&#8220; background_color=&#8220;rgba(0,0,0,0.03)&#8220; global_colors_info=&#8220;{}&#8220;][et_pb_row _builder_version=&#8220;4.20.2&#8243; _module_preset=&#8220;default&#8220; global_colors_info=&#8220;{}&#8220;][et_pb_column type=&#8220;4_4&#8243; _builder_version=&#8220;4.20.2&#8243; _module_preset=&#8220;default&#8220; global_colors_info=&#8220;{}&#8220;][et_pb_text _builder_version=&#8220;4.20.2&#8243; _module_preset=&#8220;default&#8220; text_font=&#8220;Arial||||||||&#8220; text_orientation=&#8220;center&#8220; max_width=&#8220;700px&#8220; module_alignment=&#8220;center&#8220; global_colors_info=&#8220;{}&#8220;]<\/p>\n<p><span>Die alte Klosterschule bietet eine Sammlung hochwertiger Musik, die Ihnen mit Sicherheit ein erfreuliches H\u00f6rerlebnis bieten wird. Von <\/span><span id=\"page31R_mcid139\" class=\"markedContent\"><span dir=\"ltr\">St\u00fccken der fr\u00fchen Klassik <\/span><\/span><span id=\"page31R_mcid140\" class=\"markedContent\"><span dir=\"ltr\">bis hin zu Genres wie Jazz und lateinamerikanischer Musik<\/span><\/span><span> sind wir stolz darauf, eine au\u00dfergew\u00f6hnliche Klangqualit\u00e4t zu liefern, die Sie auf eine neue Ebene des Musikgenusses entf\u00fchrt. Erkunden Sie noch heute unsere vielf\u00e4ltige Auswahl an Veranstaltungen und entdecken Sie den Genuss erstklassiger Musik.<\/span><\/p>\n<p>[\/et_pb_text][\/et_pb_column][\/et_pb_row][\/et_pb_section][et_pb_section fb_built=&#8220;1&#8243; admin_label=&#8220;N\u00e4chsten Veranstaltungen&#8220; _builder_version=&#8220;4.16&#8243; background_color=&#8220;rgba(0,0,0,0.03)&#8220; custom_padding=&#8220;100px|0px|100px|0px&#8220; collapsed=&#8220;off&#8220; global_colors_info=&#8220;{}&#8220;][et_pb_row _builder_version=&#8220;4.16&#8243; background_size=&#8220;initial&#8220; background_position=&#8220;top_left&#8220; background_repeat=&#8220;repeat&#8220; custom_padding=&#8220;27px|0px|27px|0px&#8220; global_colors_info=&#8220;{}&#8220;][et_pb_column type=&#8220;4_4&#8243; _builder_version=&#8220;4.16&#8243; custom_padding=&#8220;|||&#8220; global_colors_info=&#8220;{}&#8220; custom_padding__hover=&#8220;|||&#8220;][et_pb_text _builder_version=&#8220;4.20.2&#8243; text_font=&#8220;AvianoSans||||||||&#8220; text_text_color=&#8220;#000000&#8243; text_font_size=&#8220;45px&#8220; header_font=&#8220;||||||||&#8220; header_2_font=&#8220;Playfair Display||||&#8220; header_2_font_size=&#8220;48px&#8220; header_2_line_height=&#8220;1.3em&#8220; background_size=&#8220;initial&#8220; background_position=&#8220;top_left&#8220; background_repeat=&#8220;repeat&#8220; text_orientation=&#8220;center&#8220; custom_margin=&#8220;0px||0px||false|false&#8220; custom_padding=&#8220;0px||0px||false|false&#8220; hover_enabled=&#8220;0&#8243; text_font_size_tablet=&#8220;45px&#8220; text_font_size_phone=&#8220;25px&#8220; text_font_size_last_edited=&#8220;on|phone&#8220; locked=&#8220;off&#8220; global_colors_info=&#8220;{}&#8220; header_font_size__hover=&#8220;30px&#8220; header_font_size__hover_enabled=&#8220;30px&#8220; header_letter_spacing__hover=&#8220;0px&#8220; header_letter_spacing__hover_enabled=&#8220;0px&#8220; header_text_shadow_style__hover=&#8220;none&#8220; header_text_shadow_style__hover_enabled=&#8220;none&#8220; header_text_shadow_color__hover=&#8220;rgba(0,0,0,0.4)&#8220; header_text_shadow_color__hover_enabled=&#8220;rgba(0,0,0,0.4)&#8220; text_line_height=&#8220;1.6em&#8220; sticky_enabled=&#8220;0&#8243;]<\/p>\n<p>Veranstaltungen in der alten Klosterschule<\/p>\n<p>[\/et_pb_text][et_pb_text _builder_version=&#8220;4.20.2&#8243; text_font=&#8220;Arial||||||||&#8220; text_text_color=&#8220;#939393&#8243; text_font_size=&#8220;17px&#8220; text_line_height=&#8220;1.8em&#8220; header_font=&#8220;||||&#8220; background_size=&#8220;initial&#8220; background_position=&#8220;top_left&#8220; background_repeat=&#8220;repeat&#8220; text_orientation=&#8220;center&#8220; max_width=&#8220;700px&#8220; module_alignment=&#8220;center&#8220; custom_margin=&#8220;20px||||false|false&#8220; animation_style=&#8220;slide&#8220; animation_direction=&#8220;top&#8220; animation_intensity_slide=&#8220;4%&#8220; global_colors_info=&#8220;{}&#8220;]<\/p>\n<p>Wir freuen uns, Sie bei einer unserer n\u00e4chsten Veranstaltungen in der alten Klosterschule, begr\u00fc\u00dfen zu d\u00fcrfen.<\/p>\n<p>[\/et_pb_text][decm_event_display event_selection=&#8220;custom_event&#8220; included_categories=&#8220;4&#8243; shorten_multidate=&#8220;off&#8220; show_end_date=&#8220;off&#8220; show_end_time=&#8220;off&#8220; show_location=&#8220;on&#8220; show_locality_comma=&#8220;off&#8220; show_location_state=&#8220;off&#8220; show_location_state_comma=&#8220;off&#8220; show_postal_comma=&#8220;off&#8220; show_country=&#8220;off&#8220; show_country_comma=&#8220;off&#8220; show_postal_code_before_locality=&#8220;off&#8220; show_price=&#8220;off&#8220; show_category=&#8220;off&#8220; show_weburl=&#8220;off&#8220; excerpt_content=&#8220;_show&#8220; show_icon_label=&#8220;icon&#8220; result_message=&#8220;Es wurden keine Veranstaltungen gefunden&#8220; layout=&#8220;list&#8220; list_layout=&#8220;leftimage_rightdetail&#8220; details_background_color=&#8220;RGBA(255,255,255,0)&#8220; details_icon_color=&#8220;#741a4a&#8220; thumbnail_width=&#8220;800px&#8220; disabled_on=&#8220;off|off|off&#8220; _builder_version=&#8220;4.20.2&#8243; _module_preset=&#8220;default&#8220; title_font=&#8220;AvianoSans|700|||||||&#8220; duration_font=&#8220;Arial||||||||&#8220; results_message_text_align=&#8220;center&#8220; custom_view_more=&#8220;on&#8220; view_more_text_color=&#8220;#741a4a&#8220; global_colors_info=&#8220;{}&#8220;][\/decm_event_display][\/et_pb_column][\/et_pb_row][et_pb_row admin_label=&#8220;Zeile&#8220; _builder_version=&#8220;4.20.2&#8243; background_size=&#8220;initial&#8220; background_position=&#8220;top_left&#8220; background_repeat=&#8220;repeat&#8220; max_width=&#8220;1280px&#8220; custom_padding=&#8220;|||&#8220; use_custom_width=&#8220;on&#8220; custom_width_px=&#8220;1280px&#8220; global_colors_info=&#8220;{}&#8220;][et_pb_column type=&#8220;4_4&#8243; _builder_version=&#8220;4.20.1&#8243; custom_padding=&#8220;|||&#8220; global_colors_info=&#8220;{}&#8220; custom_padding__hover=&#8220;|||&#8220;][\/et_pb_column][\/et_pb_row][\/et_pb_section]<\/p>\n","protected":false},"excerpt":{"rendered":"<p>Die alte Klosterschule bietet eine Sammlung hochwertiger Musik, die Ihnen mit Sicherheit ein erfreuliches H\u00f6rerlebnis bieten wird. Von St\u00fccken der fr\u00fchen Klassik bis hin zu Genres wie Jazz und lateinamerikanischer [&hellip;]<\/p>\n","protected":false},"author":1,"featured_media":0,"parent":0,"menu_order":0,"comment_status":"closed","ping_status":"closed","template":"","meta":{"_et_pb_use_builder":"on","_et_pb_old_content":"","_et_gb_content_width":"","footnotes":""},"class_list":["post-104","page","type-page","status-publish","hentry"],"_links":{"self":[{"href":"https:\/\/kulturgamlitz.at\/index.php\/wp-json\/wp\/v2\/pages\/104","targetHints":{"allow":["GET"]}}],"collection":[{"href":"https:\/\/kulturgamlitz.at\/index.php\/wp-json\/wp\/v2\/pages"}],"about":[{"href":"https:\/\/kulturgamlitz.at\/index.php\/wp-json\/wp\/v2\/types\/page"}],"author":[{"embeddable":true,"href":"https:\/\/kulturgamlitz.at\/index.php\/wp-json\/wp\/v2\/users\/1"}],"replies":[{"embeddable":true,"href":"https:\/\/kulturgamlitz.at\/index.php\/wp-json\/wp\/v2\/comments?post=104"}],"version-history":[{"count":0,"href":"https:\/\/kulturgamlitz.at\/index.php\/wp-json\/wp\/v2\/pages\/104\/revisions"}],"wp:attachment":[{"href":"https:\/\/kulturgamlitz.at\/index.php\/wp-json\/wp\/v2\/media?parent=104"}],"curies":[{"name":"wp","href":"https:\/\/api.w.org\/{rel}","templated":true}]}}